{"id":320,"date":"2025-04-16T07:48:09","date_gmt":"2025-04-16T07:48:09","guid":{"rendered":"https:\/\/linkprojekt.cz\/?page_id=320"},"modified":"2025-09-17T12:13:55","modified_gmt":"2025-09-17T10:13:55","slug":"o-nas","status":"publish","type":"page","link":"https:\/\/www.linkprojekt.cz\/sk\/o-nas\/","title":{"rendered":"O n\u00e1s"},"content":{"rendered":"<div class='breakdance'><section class=\"bde-section-320-100 bde-section\">\n  \n  \n\t\n\n\n\n<div class=\"section-container\"><h1 class=\"bde-heading-320-101 bde-heading\">\nSme most\u00e1ri profesiou aj srdcom\n<\/h1><img decoding=\"async\" class=\"bde-image2-320-102 bde-image2\" src=\"https:\/\/www.linkprojekt.cz\/wp-content\/uploads\/2025\/04\/DSC_6375-Pano.jpg\" loading=\"lazy\" srcset=\"https:\/\/www.linkprojekt.cz\/wp-content\/uploads\/2025\/04\/DSC_6375-Pano.jpg 2348w, https:\/\/www.linkprojekt.cz\/wp-content\/uploads\/2025\/04\/DSC_6375-Pano-300x131.jpg 300w, https:\/\/www.linkprojekt.cz\/wp-content\/uploads\/2025\/04\/DSC_6375-Pano-1024x447.jpg 1024w, https:\/\/www.linkprojekt.cz\/wp-content\/uploads\/2025\/04\/DSC_6375-Pano-768x335.jpg 768w, https:\/\/www.linkprojekt.cz\/wp-content\/uploads\/2025\/04\/DSC_6375-Pano-1536x670.jpg 1536w, https:\/\/www.linkprojekt.cz\/wp-content\/uploads\/2025\/04\/DSC_6375-Pano-2048x893.jpg 2048w, https:\/\/www.linkprojekt.cz\/wp-content\/uploads\/2025\/04\/DSC_6375-Pano-18x8.jpg 18w\" sizes=\"(max-width: 2348px) 100vw, 2348px\"><div class=\"bde-div-320-103 bde-div\">\n  \n  \n\t\n\n\n\n<div class=\"bde-text-320-104 bde-text translation-block\">Mostom sa venujeme cel\u00fa svoju profesion\u00e1lnu kari\u00e9ru, pod zna\u010dkou Link projekt od roku 2006<\/div><div class=\"bde-text-320-105 bde-text\">\nSme t\u00edm 40 \u013eud\u00ed, ktor\u00ed vn\u00edmaj\u00fa projekty ako viac ne\u017e len funk\u010dn\u00fa kon\u0161trukciu. Ka\u017ed\u00fd most je pre n\u00e1s predov\u0161etk\u00fdm spojen\u00edm va\u0161ej d\u00f4very a na\u0161ej zodpovednosti.\n<\/div>\n<\/div><img decoding=\"async\" class=\"bde-image2-320-106 bde-image2\" src=\"https:\/\/www.linkprojekt.cz\/wp-content\/uploads\/2025\/04\/justin-hartung-at-desk.jpg-2.png\" loading=\"lazy\" srcset=\"https:\/\/www.linkprojekt.cz\/wp-content\/uploads\/2025\/04\/justin-hartung-at-desk.jpg-2.png 582w, https:\/\/www.linkprojekt.cz\/wp-content\/uploads\/2025\/04\/justin-hartung-at-desk.jpg-2-300x232.png 300w, https:\/\/www.linkprojekt.cz\/wp-content\/uploads\/2025\/04\/justin-hartung-at-desk.jpg-2-15x12.png 15w\" sizes=\"(max-width: 582px) 100vw, 582px\"><div class=\"bde-div-320-108 bde-div\">\n  \n  \n\t\n\n\n\n<div class=\"bde-text-320-109 bde-text\">\nSme s\u00fa\u010das\u0165ou silnej spolo\u010dnosti HBH Projekt.\n<\/div><div class=\"bde-text-320-110 bde-text translation-block\">Projektujeme v \u010ceskej republike, na Slovensku a v \u010fal\u0161\u00edch krajin\u00e1ch sveta. Pracujeme na ve\u013ek\u00fdch dia\u013eni\u010dn\u00fdch estak\u00e1dach, mostoch a l\u00e1vkach pre pe\u0161\u00edch. Na ka\u017ed\u00fd projekt sa pozer\u00e1me s rovnakou starostlivos\u0165ou a \u00factou:<br> k miestu, k \u013eu\u010fom, k ich rozpo\u010dtu.<\/div>\n<\/div><div class=\"bde-div-320-111 bde-div\">\n  \n  \n\t\n\n\n\n<div class=\"bde-text-320-112 bde-text\">\nPoskytujeme kompletn\u00fa projektov\u00fa dokument\u00e1ciu a odborn\u00fd poradcovsk\u00fd servis pri v\u00fdstavbe.\n<\/div><div class=\"bde-text-320-113 bde-text translation-block\">Medzi na\u0161ich spokojn\u00fdch klientov patria \u0158SD, kraje, mest\u00e1<br> a stavebn\u00e9 spolo\u010dnosti. Ako autorizovan\u00ed in\u017einieri nesieme zodpovednos\u0165 za kvalitu a bezpe\u010dnos\u0165 n\u00e1vrhu mostu.<\/div>\n<\/div><div class=\"bde-columns-320-160 bde-columns\"><div class=\"bde-column-320-161 bde-column\">\n  \n  \n\t\n\n\n\n<div class=\"bde-div-320-158 bde-div\">\n  \n  \n\t\n\n\n\n<img decoding=\"async\" class=\"bde-image2-320-116 bde-image2\" src=\"https:\/\/www.linkprojekt.cz\/wp-content\/uploads\/2025\/05\/Rectangle-29.png\" loading=\"lazy\" srcset=\"https:\/\/www.linkprojekt.cz\/wp-content\/uploads\/2025\/05\/Rectangle-29.png 385w, https:\/\/www.linkprojekt.cz\/wp-content\/uploads\/2025\/05\/Rectangle-29-289x300.png 289w, https:\/\/www.linkprojekt.cz\/wp-content\/uploads\/2025\/05\/Rectangle-29-12x12.png 12w\" sizes=\"(max-width: 385px) 100vw, 385px\"><div class=\"bde-text-320-117 bde-text\">\nIng. Petr Damek\n<\/div><div class=\"bde-text-320-118 bde-text\">\nriadite\u013e spolo\u010dnosti\n<\/div><a class=\"bde-text-link-320-119 bde-text-link breakdance-link\" href=\"mailto:petr.damek@linkprojekt.cz\" target=\"_self\" data-type=\"url\">\n  petr.damek@linkprojekt.cz\n\n<\/a><a class=\"bde-text-link-320-120 bde-text-link breakdance-link\" href=\"tel:+420774977762\" target=\"_self\" data-type=\"url\">\n  +420&nbsp;774&nbsp;977&nbsp;762\n\n<\/a><a class=\"bde-text-link-320-121 bde-text-link breakdance-link\" href=\"https:\/\/www.linkedin.com\/in\/petr-damek-02b9b791\/\" target=\"_blank\" data-type=\"url\">\n  LinkedIn\n\n<\/a>\n<\/div>\n<\/div><div class=\"bde-column-320-162 bde-column\">\n  \n  \n\t\n\n\n\n<div class=\"bde-div-320-159 bde-div\">\n  \n  \n\t\n\n\n\n<img decoding=\"async\" class=\"bde-image2-320-123 bde-image2\" src=\"https:\/\/www.linkprojekt.cz\/wp-content\/uploads\/2025\/05\/Rectangle-31.png\" loading=\"lazy\" srcset=\"https:\/\/www.linkprojekt.cz\/wp-content\/uploads\/2025\/05\/Rectangle-31.png 385w, https:\/\/www.linkprojekt.cz\/wp-content\/uploads\/2025\/05\/Rectangle-31-289x300.png 289w, https:\/\/www.linkprojekt.cz\/wp-content\/uploads\/2025\/05\/Rectangle-31-12x12.png 12w\" sizes=\"(max-width: 385px) 100vw, 385px\"><div class=\"bde-text-320-124 bde-text\">\nIng. Tom\u00e1\u0161 Kulhav\u00fd, Ph.D.\n<\/div><div class=\"bde-text-320-125 bde-text\">\ntechnick\u00fd riadite\u013e\n<\/div><a class=\"bde-text-link-320-126 bde-text-link breakdance-link\" href=\"mailto:tomas.kulhavy@linkprojekt.cz\" target=\"_self\" data-type=\"url\">\n  tomas.kulhavy@linkprojekt.cz\n\n<\/a><a class=\"bde-text-link-320-127 bde-text-link breakdance-link\" href=\"tel:+420774977763\" target=\"_self\" data-type=\"url\">\n  +420&nbsp;774&nbsp;977&nbsp;763\n\n<\/a><a class=\"bde-text-link-320-128 bde-text-link breakdance-link\" href=\"https:\/\/www.linkedin.com\/in\/tom%C3%A1%C5%A1-kulhav%C3%BD-47891884\/\" target=\"_blank\" data-type=\"url\">\n  LinkedIn\n\n<\/a>\n<\/div>\n<\/div><\/div><div class=\"bde-columns-320-163 bde-columns\"><div class=\"bde-column-320-164 bde-column\">\n  \n  \n\t\n\n\n\n<div class=\"bde-div-320-115 bde-div\">\n  \n  \n\t\n\n\n\n<div class=\"bde-div-320-130 bde-div\">\n  \n  \n\t\n\n\n\n<div class=\"bde-text-320-132 bde-text\">\nMgr. Ale\u0161 \u0158ih\u00e1\u010dek, MBA\n<\/div><div class=\"bde-text-320-133 bde-text\">\nprev\u00e1dzkovo-obchodn\u00fd riadite\u013e \n<\/div><a class=\"bde-text-link-320-134 bde-text-link breakdance-link\" href=\"mailto:ales.rihacek@linkprojekt.cz\" target=\"_self\" data-type=\"url\">\n  ales.rihacek@linkprojekt.cz\n\n<\/a><a class=\"bde-text-link-320-135 bde-text-link breakdance-link\" href=\"tel:+420602695902\" target=\"_self\" data-type=\"url\">\n  +420&nbsp;602&nbsp;695&nbsp;902\n\n<\/a>\n<\/div><div class=\"bde-div-320-145 bde-div\">\n  \n  \n\t\n\n\n\n<div class=\"bde-text-320-146 bde-text\">\nIng. Petr P\u00e1len\u00edk\n<\/div><div class=\"bde-text-320-147 bde-text\">\nved\u00faci ateli\u00e9ru cz\n<\/div><a class=\"bde-text-link-320-148 bde-text-link breakdance-link\" href=\"mailto:petr.palenik@linkprojekt.cz\" target=\"_self\" data-type=\"url\">\n  petr.palenik@linkprojekt.cz\n\n<\/a><a class=\"bde-text-link-320-149 bde-text-link breakdance-link\" href=\"tel:+420774880624\" target=\"_self\" data-type=\"url\">\n  +420&nbsp;774&nbsp;880&nbsp;624\n\n<\/a>\n<\/div>\n<\/div>\n<\/div><div class=\"bde-column-320-165 bde-column\">\n  \n  \n\t\n\n\n\n<div class=\"bde-div-320-122 bde-div\">\n  \n  \n\t\n\n\n\n<div class=\"bde-div-320-137 bde-div\">\n  \n  \n\t\n\n\n\n<div class=\"bde-text-320-139 bde-text\">\nIng. Stanislav Brt\u00e1\u0148\n<\/div><div class=\"bde-text-320-140 bde-text\">\nved\u00faci ateli\u00e9ru cz\n<\/div><a class=\"bde-text-link-320-141 bde-text-link breakdance-link\" href=\"mailto:stanislav.brtan@linkprojekt.cz\" target=\"_self\" data-type=\"url\">\n  stanislav.brtan@linkprojekt.cz\n\n<\/a><a class=\"bde-text-link-320-142 bde-text-link breakdance-link\" href=\"tel:+420774977802\" target=\"_self\" data-type=\"url\">\n  +420&nbsp;774&nbsp;977&nbsp;802\n\n<\/a>\n<\/div><div class=\"bde-div-320-150 bde-div\">\n  \n  \n\t\n\n\n\n<div class=\"bde-text-320-151 bde-text\">\nIng. Martin Koll\u00e1r\n<\/div><div class=\"bde-text-320-152 bde-text\">\nved\u00faci ateli\u00e9ru SK\n<\/div><a class=\"bde-text-link-320-153 bde-text-link breakdance-link\" href=\"mailto:martin.kollar@linkprojekt.sk\" target=\"_self\" data-type=\"url\">\n  martin.kollar@linkprojekt.sk\n\n<\/a><a class=\"bde-text-link-320-154 bde-text-link breakdance-link\" href=\"tel:+421903121984\" target=\"_self\" data-type=\"url\">\n  +421&nbsp;903&nbsp;121&nbsp;984\n\n<\/a>\n<\/div>\n<\/div>\n<\/div><\/div><\/div>\n<\/section><\/div>","protected":false},"excerpt":{"rendered":"<p>Jsme mosta\u0159i profes\u00ed i srdcem Most\u016fm se v\u011bnujeme celou na\u0161i profesn\u00ed kari\u00e9ru, pod zna\u010dkou Link projekt od roku 2006 Jsme \u010dty\u0159iceti\u010dlenn\u00fd t\u00fdm, kter\u00fd za projekty vid\u00ed v\u00edc ne\u017e jen funk\u010dn\u00ed konstrukci. Ka\u017ed\u00fd most je pro n\u00e1s p\u0159edev\u0161\u00edm spojen\u00edm va\u0161\u00ed d\u016fv\u011bry a na\u0161\u00ed odpov\u011bdnosti. Jsme sou\u010d\u00e1st\u00ed siln\u00e9 spole\u010dnosti HBH Projekt. Projektujeme v\u00a0\u010cesku, na Slovensku i v\u00a0dal\u0161\u00edch [&hellip;]<\/p>","protected":false},"author":1,"featured_media":0,"parent":0,"menu_order":0,"comment_status":"closed","ping_status":"closed","template":"","meta":{"_acf_changed":false,"_breakdance_hide_in_design_set":false,"_breakdance_tags":"","footnotes":""},"class_list":["post-320","page","type-page","status-publish","hentry"],"acf":[],"yoast_head":"<!-- This site is optimized with the Yoast SEO plugin v25.6 - https:\/\/yoast.com\/wordpress\/plugins\/seo\/ -->\n<title>O n\u00e1s \u2013 specialist\u00e9 na mosty | LinkProjekt<\/title>\n<meta name=\"description\" content=\"LinkProjekt \u2013 projekty most\u016f a l\u00e1vek v \u010cesku, na Slovensku a ve sv\u011bt\u011b. Precizn\u00ed pr\u00e1ce, spolehlivost, kvalitn\u00ed \u0159e\u0161en\u00ed.\" \/>\n<meta name=\"robots\" content=\"index, follow, max-snippet:-1, max-image-preview:large, max-video-preview:-1\" \/>\n<link rel=\"canonical\" href=\"https:\/\/www.linkprojekt.cz\/sk\/o-nas\/\" \/>\n<meta property=\"og:locale\" content=\"sk_SK\" \/>\n<meta property=\"og:type\" content=\"article\" \/>\n<meta property=\"og:title\" content=\"O n\u00e1s \u2013 specialist\u00e9 na mosty | LinkProjekt\" \/>\n<meta property=\"og:description\" content=\"LinkProjekt \u2013 projekty most\u016f a l\u00e1vek v \u010cesku, na Slovensku a ve sv\u011bt\u011b. Precizn\u00ed pr\u00e1ce, spolehlivost, kvalitn\u00ed \u0159e\u0161en\u00ed.\" \/>\n<meta property=\"og:url\" content=\"https:\/\/www.linkprojekt.cz\/sk\/o-nas\/\" \/>\n<meta property=\"og:site_name\" content=\"Link projekt\" \/>\n<meta property=\"article:modified_time\" content=\"2025-09-17T10:13:55+00:00\" \/>\n<meta name=\"twitter:card\" content=\"summary_large_image\" \/>\n<meta name=\"twitter:label1\" content=\"Predpokladan\u00fd \u010das \u010d\u00edtania\" \/>\n\t<meta name=\"twitter:data1\" content=\"2 min\u00faty\" \/>\n<script type=\"application\/ld+json\" class=\"yoast-schema-graph\">{\"@context\":\"https:\/\/schema.org\",\"@graph\":[{\"@type\":\"WebPage\",\"@id\":\"https:\/\/www.linkprojekt.cz\/o-nas\/\",\"url\":\"https:\/\/www.linkprojekt.cz\/o-nas\/\",\"name\":\"O n\u00e1s \u2013 specialist\u00e9 na mosty | LinkProjekt\",\"isPartOf\":{\"@id\":\"https:\/\/www.linkprojekt.cz\/#website\"},\"datePublished\":\"2025-04-16T07:48:09+00:00\",\"dateModified\":\"2025-09-17T10:13:55+00:00\",\"description\":\"LinkProjekt \u2013 projekty most\u016f a l\u00e1vek v \u010cesku, na Slovensku a ve sv\u011bt\u011b. Precizn\u00ed pr\u00e1ce, spolehlivost, kvalitn\u00ed \u0159e\u0161en\u00ed.\",\"breadcrumb\":{\"@id\":\"https:\/\/www.linkprojekt.cz\/o-nas\/#breadcrumb\"},\"inLanguage\":\"sk-SK\",\"potentialAction\":[{\"@type\":\"ReadAction\",\"target\":[\"https:\/\/www.linkprojekt.cz\/o-nas\/\"]}]},{\"@type\":\"BreadcrumbList\",\"@id\":\"https:\/\/www.linkprojekt.cz\/o-nas\/#breadcrumb\",\"itemListElement\":[{\"@type\":\"ListItem\",\"position\":1,\"name\":\"Dom\u016f\",\"item\":\"https:\/\/www.linkprojekt.cz\/\"},{\"@type\":\"ListItem\",\"position\":2,\"name\":\"O n\u00e1s\"}]},{\"@type\":\"WebSite\",\"@id\":\"https:\/\/www.linkprojekt.cz\/#website\",\"url\":\"https:\/\/www.linkprojekt.cz\/\",\"name\":\"Link Projekt\",\"description\":\"\",\"publisher\":{\"@id\":\"https:\/\/www.linkprojekt.cz\/#organization\"},\"potentialAction\":[{\"@type\":\"SearchAction\",\"target\":{\"@type\":\"EntryPoint\",\"urlTemplate\":\"https:\/\/www.linkprojekt.cz\/?s={search_term_string}\"},\"query-input\":{\"@type\":\"PropertyValueSpecification\",\"valueRequired\":true,\"valueName\":\"search_term_string\"}}],\"inLanguage\":\"sk-SK\"},{\"@type\":\"Organization\",\"@id\":\"https:\/\/www.linkprojekt.cz\/#organization\",\"name\":\"Link Projekt\",\"url\":\"https:\/\/www.linkprojekt.cz\/\",\"logo\":{\"@type\":\"ImageObject\",\"inLanguage\":\"sk-SK\",\"@id\":\"https:\/\/www.linkprojekt.cz\/#\/schema\/logo\/image\/\",\"url\":\"https:\/\/linkprojekt.cz\/wp-content\/uploads\/2025\/04\/Link-Project_Logo_Zakladni.png\",\"contentUrl\":\"https:\/\/linkprojekt.cz\/wp-content\/uploads\/2025\/04\/Link-Project_Logo_Zakladni.png\",\"width\":2084,\"height\":530,\"caption\":\"Link Projekt\"},\"image\":{\"@id\":\"https:\/\/www.linkprojekt.cz\/#\/schema\/logo\/image\/\"}}]}<\/script>\n<!-- \/ Yoast SEO plugin. -->","yoast_head_json":{"title":"O n\u00e1s \u2013 specialist\u00e9 na mosty | LinkProjekt","description":"LinkProjekt \u2013 projekty most\u016f a l\u00e1vek v \u010cesku, na Slovensku a ve sv\u011bt\u011b. Precizn\u00ed pr\u00e1ce, spolehlivost, kvalitn\u00ed \u0159e\u0161en\u00ed.","robots":{"index":"index","follow":"follow","max-snippet":"max-snippet:-1","max-image-preview":"max-image-preview:large","max-video-preview":"max-video-preview:-1"},"canonical":"https:\/\/www.linkprojekt.cz\/sk\/o-nas\/","og_locale":"sk_SK","og_type":"article","og_title":"O n\u00e1s \u2013 specialist\u00e9 na mosty | LinkProjekt","og_description":"LinkProjekt \u2013 projekty most\u016f a l\u00e1vek v \u010cesku, na Slovensku a ve sv\u011bt\u011b. Precizn\u00ed pr\u00e1ce, spolehlivost, kvalitn\u00ed \u0159e\u0161en\u00ed.","og_url":"https:\/\/www.linkprojekt.cz\/sk\/o-nas\/","og_site_name":"Link projekt","article_modified_time":"2025-09-17T10:13:55+00:00","twitter_card":"summary_large_image","twitter_misc":{"Predpokladan\u00fd \u010das \u010d\u00edtania":"2 min\u00faty"},"schema":{"@context":"https:\/\/schema.org","@graph":[{"@type":"WebPage","@id":"https:\/\/www.linkprojekt.cz\/o-nas\/","url":"https:\/\/www.linkprojekt.cz\/o-nas\/","name":"O n\u00e1s \u2013 specialist\u00e9 na mosty | LinkProjekt","isPartOf":{"@id":"https:\/\/www.linkprojekt.cz\/#website"},"datePublished":"2025-04-16T07:48:09+00:00","dateModified":"2025-09-17T10:13:55+00:00","description":"LinkProjekt \u2013 projekty most\u016f a l\u00e1vek v \u010cesku, na Slovensku a ve sv\u011bt\u011b. Precizn\u00ed pr\u00e1ce, spolehlivost, kvalitn\u00ed \u0159e\u0161en\u00ed.","breadcrumb":{"@id":"https:\/\/www.linkprojekt.cz\/o-nas\/#breadcrumb"},"inLanguage":"sk-SK","potentialAction":[{"@type":"ReadAction","target":["https:\/\/www.linkprojekt.cz\/o-nas\/"]}]},{"@type":"BreadcrumbList","@id":"https:\/\/www.linkprojekt.cz\/o-nas\/#breadcrumb","itemListElement":[{"@type":"ListItem","position":1,"name":"Dom\u016f","item":"https:\/\/www.linkprojekt.cz\/"},{"@type":"ListItem","position":2,"name":"O n\u00e1s"}]},{"@type":"WebSite","@id":"https:\/\/www.linkprojekt.cz\/#website","url":"https:\/\/www.linkprojekt.cz\/","name":"Link Projekt","description":"","publisher":{"@id":"https:\/\/www.linkprojekt.cz\/#organization"},"potentialAction":[{"@type":"SearchAction","target":{"@type":"EntryPoint","urlTemplate":"https:\/\/www.linkprojekt.cz\/?s={search_term_string}"},"query-input":{"@type":"PropertyValueSpecification","valueRequired":true,"valueName":"search_term_string"}}],"inLanguage":"sk-SK"},{"@type":"Organization","@id":"https:\/\/www.linkprojekt.cz\/#organization","name":"Link Projekt","url":"https:\/\/www.linkprojekt.cz\/","logo":{"@type":"ImageObject","inLanguage":"sk-SK","@id":"https:\/\/www.linkprojekt.cz\/#\/schema\/logo\/image\/","url":"https:\/\/linkprojekt.cz\/wp-content\/uploads\/2025\/04\/Link-Project_Logo_Zakladni.png","contentUrl":"https:\/\/linkprojekt.cz\/wp-content\/uploads\/2025\/04\/Link-Project_Logo_Zakladni.png","width":2084,"height":530,"caption":"Link Projekt"},"image":{"@id":"https:\/\/www.linkprojekt.cz\/#\/schema\/logo\/image\/"}}]}},"_links":{"self":[{"href":"https:\/\/www.linkprojekt.cz\/sk\/wp-json\/wp\/v2\/pages\/320","targetHints":{"allow":["GET"]}}],"collection":[{"href":"https:\/\/www.linkprojekt.cz\/sk\/wp-json\/wp\/v2\/pages"}],"about":[{"href":"https:\/\/www.linkprojekt.cz\/sk\/wp-json\/wp\/v2\/types\/page"}],"author":[{"embeddable":true,"href":"https:\/\/www.linkprojekt.cz\/sk\/wp-json\/wp\/v2\/users\/1"}],"replies":[{"embeddable":true,"href":"https:\/\/www.linkprojekt.cz\/sk\/wp-json\/wp\/v2\/comments?post=320"}],"version-history":[{"count":0,"href":"https:\/\/www.linkprojekt.cz\/sk\/wp-json\/wp\/v2\/pages\/320\/revisions"}],"wp:attachment":[{"href":"https:\/\/www.linkprojekt.cz\/sk\/wp-json\/wp\/v2\/media?parent=320"}],"curies":[{"name":"wp","href":"https:\/\/api.w.org\/{rel}","templated":true}]}}