{"id":16,"date":"2025-04-09T07:50:59","date_gmt":"2025-04-09T07:50:59","guid":{"rendered":"https:\/\/linkprojekt.cz\/?page_id=16"},"modified":"2025-06-05T09:13:23","modified_gmt":"2025-06-05T09:13:23","slug":"hlavni-stranka","status":"publish","type":"page","link":"https:\/\/www.linkprojekt.cz\/sk\/","title":{"rendered":"Hlavn\u00ed str\u00e1nka"},"content":{"rendered":"<div class='breakdance'><section class=\"bde-section-16-100 bde-section\">\n              \n  \n  \n\t\n  <div class=\"breakdance-swiper-wrapper section-background-slideshow\">\n    <div class=\"swiper\">\n      <!-- Additional required wrapper -->\n      <div class=\"swiper-wrapper\">\n        <!-- Slides -->\n                  <div class=\"swiper-slide\">\n            <div class=\"swiper-slide-item\" style=\"background-image: url(https:\/\/www.linkprojekt.cz\/wp-content\/uploads\/2025\/04\/2_2024_Lavka-Ceske-Budejovice-soutez-scaled.jpg);\"><\/div>\n          <\/div>\n                  <div class=\"swiper-slide\">\n            <div class=\"swiper-slide-item\" style=\"background-image: url(https:\/\/www.linkprojekt.cz\/wp-content\/uploads\/2025\/04\/linkprojekt_matejhakar\u00a9DJI_0171-upraveno-scaled.jpg);\"><\/div>\n          <\/div>\n                  <div class=\"swiper-slide\">\n            <div class=\"swiper-slide-item\" style=\"background-image: url(https:\/\/www.linkprojekt.cz\/wp-content\/uploads\/2025\/04\/Property-1Variant3.png);\"><\/div>\n          <\/div>\n                  <div class=\"swiper-slide\">\n            <div class=\"swiper-slide-item\" style=\"background-image: url(https:\/\/www.linkprojekt.cz\/wp-content\/uploads\/2025\/04\/2_2017_L\u2020vka-HoleAovice-soutos-upraveno-scaled.jpg);\"><\/div>\n          <\/div>\n                  <div class=\"swiper-slide\">\n            <div class=\"swiper-slide-item\" style=\"background-image: url(https:\/\/www.linkprojekt.cz\/wp-content\/uploads\/2025\/04\/1_2009_L\u2020vka-Frzdek-M\u00b0stek-realizace.jpg);\"><\/div>\n          <\/div>\n                  <div class=\"swiper-slide\">\n            <div class=\"swiper-slide-item\" style=\"background-image: url(https:\/\/www.linkprojekt.cz\/wp-content\/uploads\/2025\/04\/Property-1Variant6.png);\"><\/div>\n          <\/div>\n              <\/div>\n    <\/div>\n  <\/div>\n\n\n\n<div class=\"section-container\"><\/div>\n<\/section><\/div>","protected":false},"excerpt":{"rendered":"","protected":false},"author":1,"featured_media":0,"parent":0,"menu_order":0,"comment_status":"closed","ping_status":"closed","template":"","meta":{"_acf_changed":false,"_breakdance_hide_in_design_set":false,"_breakdance_tags":"","footnotes":""},"class_list":["post-16","page","type-page","status-publish","hentry"],"acf":[],"yoast_head":"<!-- This site is optimized with the Yoast SEO plugin v25.6 - https:\/\/yoast.com\/wordpress\/plugins\/seo\/ -->\n<title>LinkProjekt \u2013 projektov\u00e1n\u00ed most\u016f a l\u00e1vek v \u010cesku a zahrani\u010d\u00ed<\/title>\n<meta name=\"description\" content=\"Specialist\u00e9 na n\u00e1vrh most\u016f a l\u00e1vek. P\u016fsob\u00edme v \u010cesku, na Slovensku i ve sv\u011bt\u011b. Kvalita, spolehlivost, odborn\u00fd p\u0159\u00edstup.\" \/>\n<meta name=\"robots\" content=\"index, follow, max-snippet:-1, max-image-preview:large, max-video-preview:-1\" \/>\n<link rel=\"canonical\" href=\"https:\/\/www.linkprojekt.cz\/sk\/\" \/>\n<meta property=\"og:locale\" content=\"sk_SK\" \/>\n<meta property=\"og:type\" content=\"article\" \/>\n<meta property=\"og:title\" content=\"LinkProjekt \u2013 projektov\u00e1n\u00ed most\u016f a l\u00e1vek v \u010cesku a zahrani\u010d\u00ed\" \/>\n<meta property=\"og:description\" content=\"Specialist\u00e9 na n\u00e1vrh most\u016f a l\u00e1vek. P\u016fsob\u00edme v \u010cesku, na Slovensku i ve sv\u011bt\u011b. Kvalita, spolehlivost, odborn\u00fd p\u0159\u00edstup.\" \/>\n<meta property=\"og:url\" content=\"https:\/\/www.linkprojekt.cz\/sk\/\" \/>\n<meta property=\"og:site_name\" content=\"Link projekt\" \/>\n<meta property=\"article:modified_time\" content=\"2025-06-05T09:13:23+00:00\" \/>\n<meta name=\"twitter:card\" content=\"summary_large_image\" \/>\n<script type=\"application\/ld+json\" class=\"yoast-schema-graph\">{\"@context\":\"https:\/\/schema.org\",\"@graph\":[{\"@type\":\"WebPage\",\"@id\":\"https:\/\/www.linkprojekt.cz\/\",\"url\":\"https:\/\/www.linkprojekt.cz\/\",\"name\":\"LinkProjekt \u2013 projektov\u00e1n\u00ed most\u016f a l\u00e1vek v \u010cesku a zahrani\u010d\u00ed\",\"isPartOf\":{\"@id\":\"https:\/\/www.linkprojekt.cz\/#website\"},\"datePublished\":\"2025-04-09T07:50:59+00:00\",\"dateModified\":\"2025-06-05T09:13:23+00:00\",\"description\":\"Specialist\u00e9 na n\u00e1vrh most\u016f a l\u00e1vek. P\u016fsob\u00edme v \u010cesku, na Slovensku i ve sv\u011bt\u011b. Kvalita, spolehlivost, odborn\u00fd p\u0159\u00edstup.\",\"breadcrumb\":{\"@id\":\"https:\/\/www.linkprojekt.cz\/#breadcrumb\"},\"inLanguage\":\"sk-SK\",\"potentialAction\":[{\"@type\":\"ReadAction\",\"target\":[\"https:\/\/www.linkprojekt.cz\/\"]}]},{\"@type\":\"BreadcrumbList\",\"@id\":\"https:\/\/www.linkprojekt.cz\/#breadcrumb\",\"itemListElement\":[{\"@type\":\"ListItem\",\"position\":1,\"name\":\"Dom\u016f\",\"item\":\"https:\/\/www.linkprojekt.cz\/\"},{\"@type\":\"ListItem\",\"position\":2,\"name\":\"Hlavn\u00ed str\u00e1nka\"}]},{\"@type\":\"WebSite\",\"@id\":\"https:\/\/www.linkprojekt.cz\/#website\",\"url\":\"https:\/\/www.linkprojekt.cz\/\",\"name\":\"Link Projekt\",\"description\":\"\",\"publisher\":{\"@id\":\"https:\/\/www.linkprojekt.cz\/#organization\"},\"potentialAction\":[{\"@type\":\"SearchAction\",\"target\":{\"@type\":\"EntryPoint\",\"urlTemplate\":\"https:\/\/www.linkprojekt.cz\/?s={search_term_string}\"},\"query-input\":{\"@type\":\"PropertyValueSpecification\",\"valueRequired\":true,\"valueName\":\"search_term_string\"}}],\"inLanguage\":\"sk-SK\"},{\"@type\":\"Organization\",\"@id\":\"https:\/\/www.linkprojekt.cz\/#organization\",\"name\":\"Link Projekt\",\"url\":\"https:\/\/www.linkprojekt.cz\/\",\"logo\":{\"@type\":\"ImageObject\",\"inLanguage\":\"sk-SK\",\"@id\":\"https:\/\/www.linkprojekt.cz\/#\/schema\/logo\/image\/\",\"url\":\"https:\/\/linkprojekt.cz\/wp-content\/uploads\/2025\/04\/Link-Project_Logo_Zakladni.png\",\"contentUrl\":\"https:\/\/linkprojekt.cz\/wp-content\/uploads\/2025\/04\/Link-Project_Logo_Zakladni.png\",\"width\":2084,\"height\":530,\"caption\":\"Link Projekt\"},\"image\":{\"@id\":\"https:\/\/www.linkprojekt.cz\/#\/schema\/logo\/image\/\"}}]}<\/script>\n<!-- \/ Yoast SEO plugin. -->","yoast_head_json":{"title":"LinkProjekt \u2013 projektov\u00e1n\u00ed most\u016f a l\u00e1vek v \u010cesku a zahrani\u010d\u00ed","description":"Specialist\u00e9 na n\u00e1vrh most\u016f a l\u00e1vek. P\u016fsob\u00edme v \u010cesku, na Slovensku i ve sv\u011bt\u011b. Kvalita, spolehlivost, odborn\u00fd p\u0159\u00edstup.","robots":{"index":"index","follow":"follow","max-snippet":"max-snippet:-1","max-image-preview":"max-image-preview:large","max-video-preview":"max-video-preview:-1"},"canonical":"https:\/\/www.linkprojekt.cz\/sk\/","og_locale":"sk_SK","og_type":"article","og_title":"LinkProjekt \u2013 projektov\u00e1n\u00ed most\u016f a l\u00e1vek v \u010cesku a zahrani\u010d\u00ed","og_description":"Specialist\u00e9 na n\u00e1vrh most\u016f a l\u00e1vek. P\u016fsob\u00edme v \u010cesku, na Slovensku i ve sv\u011bt\u011b. Kvalita, spolehlivost, odborn\u00fd p\u0159\u00edstup.","og_url":"https:\/\/www.linkprojekt.cz\/sk\/","og_site_name":"Link projekt","article_modified_time":"2025-06-05T09:13:23+00:00","twitter_card":"summary_large_image","schema":{"@context":"https:\/\/schema.org","@graph":[{"@type":"WebPage","@id":"https:\/\/www.linkprojekt.cz\/","url":"https:\/\/www.linkprojekt.cz\/","name":"LinkProjekt \u2013 projektov\u00e1n\u00ed most\u016f a l\u00e1vek v \u010cesku a zahrani\u010d\u00ed","isPartOf":{"@id":"https:\/\/www.linkprojekt.cz\/#website"},"datePublished":"2025-04-09T07:50:59+00:00","dateModified":"2025-06-05T09:13:23+00:00","description":"Specialist\u00e9 na n\u00e1vrh most\u016f a l\u00e1vek. P\u016fsob\u00edme v \u010cesku, na Slovensku i ve sv\u011bt\u011b. Kvalita, spolehlivost, odborn\u00fd p\u0159\u00edstup.","breadcrumb":{"@id":"https:\/\/www.linkprojekt.cz\/#breadcrumb"},"inLanguage":"sk-SK","potentialAction":[{"@type":"ReadAction","target":["https:\/\/www.linkprojekt.cz\/"]}]},{"@type":"BreadcrumbList","@id":"https:\/\/www.linkprojekt.cz\/#breadcrumb","itemListElement":[{"@type":"ListItem","position":1,"name":"Dom\u016f","item":"https:\/\/www.linkprojekt.cz\/"},{"@type":"ListItem","position":2,"name":"Hlavn\u00ed str\u00e1nka"}]},{"@type":"WebSite","@id":"https:\/\/www.linkprojekt.cz\/#website","url":"https:\/\/www.linkprojekt.cz\/","name":"Link Projekt","description":"","publisher":{"@id":"https:\/\/www.linkprojekt.cz\/#organization"},"potentialAction":[{"@type":"SearchAction","target":{"@type":"EntryPoint","urlTemplate":"https:\/\/www.linkprojekt.cz\/?s={search_term_string}"},"query-input":{"@type":"PropertyValueSpecification","valueRequired":true,"valueName":"search_term_string"}}],"inLanguage":"sk-SK"},{"@type":"Organization","@id":"https:\/\/www.linkprojekt.cz\/#organization","name":"Link Projekt","url":"https:\/\/www.linkprojekt.cz\/","logo":{"@type":"ImageObject","inLanguage":"sk-SK","@id":"https:\/\/www.linkprojekt.cz\/#\/schema\/logo\/image\/","url":"https:\/\/linkprojekt.cz\/wp-content\/uploads\/2025\/04\/Link-Project_Logo_Zakladni.png","contentUrl":"https:\/\/linkprojekt.cz\/wp-content\/uploads\/2025\/04\/Link-Project_Logo_Zakladni.png","width":2084,"height":530,"caption":"Link Projekt"},"image":{"@id":"https:\/\/www.linkprojekt.cz\/#\/schema\/logo\/image\/"}}]}},"_links":{"self":[{"href":"https:\/\/www.linkprojekt.cz\/sk\/wp-json\/wp\/v2\/pages\/16","targetHints":{"allow":["GET"]}}],"collection":[{"href":"https:\/\/www.linkprojekt.cz\/sk\/wp-json\/wp\/v2\/pages"}],"about":[{"href":"https:\/\/www.linkprojekt.cz\/sk\/wp-json\/wp\/v2\/types\/page"}],"author":[{"embeddable":true,"href":"https:\/\/www.linkprojekt.cz\/sk\/wp-json\/wp\/v2\/users\/1"}],"replies":[{"embeddable":true,"href":"https:\/\/www.linkprojekt.cz\/sk\/wp-json\/wp\/v2\/comments?post=16"}],"version-history":[{"count":0,"href":"https:\/\/www.linkprojekt.cz\/sk\/wp-json\/wp\/v2\/pages\/16\/revisions"}],"wp:attachment":[{"href":"https:\/\/www.linkprojekt.cz\/sk\/wp-json\/wp\/v2\/media?parent=16"}],"curies":[{"name":"wp","href":"https:\/\/api.w.org\/{rel}","templated":true}]}}