{"id":48,"date":"2025-04-09T08:37:33","date_gmt":"2025-04-09T08:37:33","guid":{"rendered":"https:\/\/linkprojekt.cz\/?page_id=48"},"modified":"2025-05-30T09:01:05","modified_gmt":"2025-05-30T09:01:05","slug":"projekty","status":"publish","type":"page","link":"https:\/\/www.linkprojekt.cz\/en\/projekty\/","title":{"rendered":"Projects"},"content":{"rendered":"<div class='breakdance'><section class=\"bde-section-48-100 bde-section\">\n  \n  \n\t\n\n\n\n<div class=\"section-container\"><div class=\"bde-post-loop-48-101 bde-post-loop\">\n\n\n<\/div><div class=\"bde-post-loop-48-102 bde-post-loop\">\n\n\n<\/div><\/div>\n<\/section><\/div>","protected":false},"excerpt":{"rendered":"","protected":false},"author":1,"featured_media":0,"parent":0,"menu_order":0,"comment_status":"closed","ping_status":"closed","template":"","meta":{"_acf_changed":false,"_breakdance_hide_in_design_set":false,"_breakdance_tags":"","footnotes":""},"class_list":["post-48","page","type-page","status-publish","hentry"],"acf":[],"yoast_head":"<!-- This site is optimized with the Yoast SEO plugin v25.6 - https:\/\/yoast.com\/wordpress\/plugins\/seo\/ -->\n<title>Na\u0161e projekty \u2013 kvalitn\u00ed stavebn\u00ed realizace | LinkProjekt<\/title>\n<meta name=\"description\" content=\"Prohl\u00e9dn\u011bte si na\u0161e realizovan\u00e9 projekty v oblasti stavebnictv\u00ed, in\u017een\u00fdringu a developmentu. LinkProjekt \u2013 v\u00e1\u0161 partner pro kvalitn\u00ed v\u00fdstavbu.\" \/>\n<meta name=\"robots\" content=\"index, follow, max-snippet:-1, max-image-preview:large, max-video-preview:-1\" \/>\n<link rel=\"canonical\" href=\"https:\/\/www.linkprojekt.cz\/en\/projekty\/\" \/>\n<meta property=\"og:locale\" content=\"en_GB\" \/>\n<meta property=\"og:type\" content=\"article\" \/>\n<meta property=\"og:title\" content=\"Na\u0161e projekty \u2013 kvalitn\u00ed stavebn\u00ed realizace | LinkProjekt\" \/>\n<meta property=\"og:description\" content=\"Prohl\u00e9dn\u011bte si na\u0161e realizovan\u00e9 projekty v oblasti stavebnictv\u00ed, in\u017een\u00fdringu a developmentu. LinkProjekt \u2013 v\u00e1\u0161 partner pro kvalitn\u00ed v\u00fdstavbu.\" \/>\n<meta property=\"og:url\" content=\"https:\/\/www.linkprojekt.cz\/en\/projekty\/\" \/>\n<meta property=\"og:site_name\" content=\"Link projekt\" \/>\n<meta property=\"article:modified_time\" content=\"2025-05-30T09:01:05+00:00\" \/>\n<meta name=\"twitter:card\" content=\"summary_large_image\" \/>\n<meta name=\"twitter:label1\" content=\"Estimated reading time\" \/>\n\t<meta name=\"twitter:data1\" content=\"7 minutes\" \/>\n<script type=\"application\/ld+json\" class=\"yoast-schema-graph\">{\"@context\":\"https:\/\/schema.org\",\"@graph\":[{\"@type\":\"WebPage\",\"@id\":\"https:\/\/www.linkprojekt.cz\/projekty\/\",\"url\":\"https:\/\/www.linkprojekt.cz\/projekty\/\",\"name\":\"Na\u0161e projekty \u2013 kvalitn\u00ed stavebn\u00ed realizace | LinkProjekt\",\"isPartOf\":{\"@id\":\"https:\/\/www.linkprojekt.cz\/#website\"},\"datePublished\":\"2025-04-09T08:37:33+00:00\",\"dateModified\":\"2025-05-30T09:01:05+00:00\",\"description\":\"Prohl\u00e9dn\u011bte si na\u0161e realizovan\u00e9 projekty v oblasti stavebnictv\u00ed, in\u017een\u00fdringu a developmentu. LinkProjekt \u2013 v\u00e1\u0161 partner pro kvalitn\u00ed v\u00fdstavbu.\",\"breadcrumb\":{\"@id\":\"https:\/\/www.linkprojekt.cz\/projekty\/#breadcrumb\"},\"inLanguage\":\"en-GB\",\"potentialAction\":[{\"@type\":\"ReadAction\",\"target\":[\"https:\/\/www.linkprojekt.cz\/projekty\/\"]}]},{\"@type\":\"BreadcrumbList\",\"@id\":\"https:\/\/www.linkprojekt.cz\/projekty\/#breadcrumb\",\"itemListElement\":[{\"@type\":\"ListItem\",\"position\":1,\"name\":\"Dom\u016f\",\"item\":\"https:\/\/www.linkprojekt.cz\/\"},{\"@type\":\"ListItem\",\"position\":2,\"name\":\"Projekty\"}]},{\"@type\":\"WebSite\",\"@id\":\"https:\/\/www.linkprojekt.cz\/#website\",\"url\":\"https:\/\/www.linkprojekt.cz\/\",\"name\":\"Link Projekt\",\"description\":\"\",\"publisher\":{\"@id\":\"https:\/\/www.linkprojekt.cz\/#organization\"},\"potentialAction\":[{\"@type\":\"SearchAction\",\"target\":{\"@type\":\"EntryPoint\",\"urlTemplate\":\"https:\/\/www.linkprojekt.cz\/?s={search_term_string}\"},\"query-input\":{\"@type\":\"PropertyValueSpecification\",\"valueRequired\":true,\"valueName\":\"search_term_string\"}}],\"inLanguage\":\"en-GB\"},{\"@type\":\"Organization\",\"@id\":\"https:\/\/www.linkprojekt.cz\/#organization\",\"name\":\"Link Projekt\",\"url\":\"https:\/\/www.linkprojekt.cz\/\",\"logo\":{\"@type\":\"ImageObject\",\"inLanguage\":\"en-GB\",\"@id\":\"https:\/\/www.linkprojekt.cz\/#\/schema\/logo\/image\/\",\"url\":\"https:\/\/linkprojekt.cz\/wp-content\/uploads\/2025\/04\/Link-Project_Logo_Zakladni.png\",\"contentUrl\":\"https:\/\/linkprojekt.cz\/wp-content\/uploads\/2025\/04\/Link-Project_Logo_Zakladni.png\",\"width\":2084,\"height\":530,\"caption\":\"Link Projekt\"},\"image\":{\"@id\":\"https:\/\/www.linkprojekt.cz\/#\/schema\/logo\/image\/\"}}]}<\/script>\n<!-- \/ Yoast SEO plugin. -->","yoast_head_json":{"title":"Na\u0161e projekty \u2013 kvalitn\u00ed stavebn\u00ed realizace | LinkProjekt","description":"Prohl\u00e9dn\u011bte si na\u0161e realizovan\u00e9 projekty v oblasti stavebnictv\u00ed, in\u017een\u00fdringu a developmentu. LinkProjekt \u2013 v\u00e1\u0161 partner pro kvalitn\u00ed v\u00fdstavbu.","robots":{"index":"index","follow":"follow","max-snippet":"max-snippet:-1","max-image-preview":"max-image-preview:large","max-video-preview":"max-video-preview:-1"},"canonical":"https:\/\/www.linkprojekt.cz\/en\/projekty\/","og_locale":"en_GB","og_type":"article","og_title":"Na\u0161e projekty \u2013 kvalitn\u00ed stavebn\u00ed realizace | LinkProjekt","og_description":"Prohl\u00e9dn\u011bte si na\u0161e realizovan\u00e9 projekty v oblasti stavebnictv\u00ed, in\u017een\u00fdringu a developmentu. LinkProjekt \u2013 v\u00e1\u0161 partner pro kvalitn\u00ed v\u00fdstavbu.","og_url":"https:\/\/www.linkprojekt.cz\/en\/projekty\/","og_site_name":"Link projekt","article_modified_time":"2025-05-30T09:01:05+00:00","twitter_card":"summary_large_image","twitter_misc":{"Estimated reading time":"7 minutes"},"schema":{"@context":"https:\/\/schema.org","@graph":[{"@type":"WebPage","@id":"https:\/\/www.linkprojekt.cz\/projekty\/","url":"https:\/\/www.linkprojekt.cz\/projekty\/","name":"Na\u0161e projekty \u2013 kvalitn\u00ed stavebn\u00ed realizace | LinkProjekt","isPartOf":{"@id":"https:\/\/www.linkprojekt.cz\/#website"},"datePublished":"2025-04-09T08:37:33+00:00","dateModified":"2025-05-30T09:01:05+00:00","description":"Prohl\u00e9dn\u011bte si na\u0161e realizovan\u00e9 projekty v oblasti stavebnictv\u00ed, in\u017een\u00fdringu a developmentu. LinkProjekt \u2013 v\u00e1\u0161 partner pro kvalitn\u00ed v\u00fdstavbu.","breadcrumb":{"@id":"https:\/\/www.linkprojekt.cz\/projekty\/#breadcrumb"},"inLanguage":"en-GB","potentialAction":[{"@type":"ReadAction","target":["https:\/\/www.linkprojekt.cz\/projekty\/"]}]},{"@type":"BreadcrumbList","@id":"https:\/\/www.linkprojekt.cz\/projekty\/#breadcrumb","itemListElement":[{"@type":"ListItem","position":1,"name":"Dom\u016f","item":"https:\/\/www.linkprojekt.cz\/"},{"@type":"ListItem","position":2,"name":"Projekty"}]},{"@type":"WebSite","@id":"https:\/\/www.linkprojekt.cz\/#website","url":"https:\/\/www.linkprojekt.cz\/","name":"Link Projekt","description":"","publisher":{"@id":"https:\/\/www.linkprojekt.cz\/#organization"},"potentialAction":[{"@type":"SearchAction","target":{"@type":"EntryPoint","urlTemplate":"https:\/\/www.linkprojekt.cz\/?s={search_term_string}"},"query-input":{"@type":"PropertyValueSpecification","valueRequired":true,"valueName":"search_term_string"}}],"inLanguage":"en-GB"},{"@type":"Organization","@id":"https:\/\/www.linkprojekt.cz\/#organization","name":"Link Projekt","url":"https:\/\/www.linkprojekt.cz\/","logo":{"@type":"ImageObject","inLanguage":"en-GB","@id":"https:\/\/www.linkprojekt.cz\/#\/schema\/logo\/image\/","url":"https:\/\/linkprojekt.cz\/wp-content\/uploads\/2025\/04\/Link-Project_Logo_Zakladni.png","contentUrl":"https:\/\/linkprojekt.cz\/wp-content\/uploads\/2025\/04\/Link-Project_Logo_Zakladni.png","width":2084,"height":530,"caption":"Link Projekt"},"image":{"@id":"https:\/\/www.linkprojekt.cz\/#\/schema\/logo\/image\/"}}]}},"_links":{"self":[{"href":"https:\/\/www.linkprojekt.cz\/en\/wp-json\/wp\/v2\/pages\/48","targetHints":{"allow":["GET"]}}],"collection":[{"href":"https:\/\/www.linkprojekt.cz\/en\/wp-json\/wp\/v2\/pages"}],"about":[{"href":"https:\/\/www.linkprojekt.cz\/en\/wp-json\/wp\/v2\/types\/page"}],"author":[{"embeddable":true,"href":"https:\/\/www.linkprojekt.cz\/en\/wp-json\/wp\/v2\/users\/1"}],"replies":[{"embeddable":true,"href":"https:\/\/www.linkprojekt.cz\/en\/wp-json\/wp\/v2\/comments?post=48"}],"version-history":[{"count":0,"href":"https:\/\/www.linkprojekt.cz\/en\/wp-json\/wp\/v2\/pages\/48\/revisions"}],"wp:attachment":[{"href":"https:\/\/www.linkprojekt.cz\/en\/wp-json\/wp\/v2\/media?parent=48"}],"curies":[{"name":"wp","href":"https:\/\/api.w.org\/{rel}","templated":true}]}}